{"id":1462,"date":"2026-04-16T12:36:27","date_gmt":"2026-04-16T10:36:27","guid":{"rendered":"https:\/\/cuevadelaluz.com\/pressroom\/"},"modified":"2026-04-16T12:50:42","modified_gmt":"2026-04-16T10:50:42","slug":"pressroom","status":"publish","type":"page","link":"https:\/\/cuevadelaluz.com\/es\/pressroom\/","title":{"rendered":"Pressroom"},"content":{"rendered":"\t\t<div data-elementor-type=\"wp-page\" data-elementor-id=\"1462\" class=\"elementor elementor-1462 elementor-1431\" data-elementor-post-type=\"page\">\n\t\t\t\t<div class=\"elementor-element elementor-element-80d2b9f e-flex e-con-boxed e-con e-child\" data-id=\"80d2b9f\" data-element_type=\"container\" data-e-type=\"container\" data-settings=\"{&quot;background_background&quot;:&quot;classic&quot;}\">\n\t\t\t\t\t<div class=\"e-con-inner\">\n\t\t<div class=\"elementor-element elementor-element-5e819f8 e-flex e-con-boxed e-con e-child\" data-id=\"5e819f8\" data-element_type=\"container\" data-e-type=\"container\">\n\t\t\t\t\t<div class=\"e-con-inner\">\n\t\t\t\t<div class=\"elementor-element elementor-element-8b79f2a elementor-widget elementor-widget-heading\" data-id=\"8b79f2a\" data-element_type=\"widget\" data-e-type=\"widget\" data-widget_type=\"heading.default\">\n\t\t\t\t<div class=\"elementor-widget-container\">\n\t\t\t\t\t<h1 class=\"elementor-heading-title elementor-size-default\">Pressroom<\/h1>\t\t\t\t<\/div>\n\t\t\t\t<\/div>\n\t\t\t\t\t<\/div>\n\t\t\t\t<\/div>\n\t\t\t\t\t<\/div>\n\t\t\t\t<\/div>\n\t\t<div class=\"elementor-element elementor-element-b847b92 e-flex e-con-boxed e-con e-parent\" data-id=\"b847b92\" data-element_type=\"container\" data-e-type=\"container\">\n\t\t\t\t\t<div class=\"e-con-inner\">\n\t\t\t\t<div class=\"elementor-element elementor-element-10ab5b4 elementor-widget elementor-widget-elementskit-blog-posts\" data-id=\"10ab5b4\" data-element_type=\"widget\" data-e-type=\"widget\" data-widget_type=\"elementskit-blog-posts.default\">\n\t\t\t\t<div class=\"elementor-widget-container\">\n\t\t\t\t\t<div class=\"ekit-wid-con\" >        <div id=\"post-items--10ab5b4\" class=\"row post-items\">\n                    <div class=\"col-lg-4 col-md-6\">\n\n                                    <div class=\"elementskit-post-image-card\">\n                        <div class=\"elementskit-entry-header\">\n                                                            <a href=\"https:\/\/cuevadelaluz.com\/es\/la-tecnologia-wellness-que-arrasa-en-canarias-llega-ahora-a-genova\/\" class=\"elementskit-entry-thumb\">\n                                    <img decoding=\"async\" src=\"https:\/\/cuevadelaluz.com\/wp-content\/uploads\/2026\/04\/WhatsApp-Image-2026-04-16-at-12.48.02-577x1024.jpeg\" alt=\"La tecnolog\u00eda wellness que arrasa en Canarias llega ahora a G\u00e9nova\">\n                                <\/a><!-- .elementskit-entry-thumb END -->\n                                                            \n                            \n\t\t\t\t\t\t\t\t\t\t\t\t\t<\/div><!-- .elementskit-entry-header END -->\n\n\t\t\t\t\t\t<div class=\"elementskit-post-body \">\n\t\t\t\t\t\t\t\n\t\t\t\t\t\t\t\t\t\t\t\t\t\t\t\t\t\t\t\t\t\t\t\t\t\t\t\t\t\t\n\t\t\t\t\t\t\t\t\n\t\t\t\t\t\t\t\t\t\t\t\t\t\t\t\t\t\t\t\t\t<h2 class=\"entry-title\">\n\t\t\t\t\t<a href=\"https:\/\/cuevadelaluz.com\/es\/la-tecnologia-wellness-que-arrasa-en-canarias-llega-ahora-a-genova\/\">\n\t\t\t\t\t\tLa tecnolog\u00eda wellness que arrasa en Canarias llega ahora a G\u00e9nova\t\t\t\t\t<\/a>\n\t\t\t\t<\/h2>\n\t\t\t\t\t\t\t\t\t\t\t\t\t\t\t\t\t\t\t\t\t\t\t\t\t\t\t\t\t\t\t\t\t\t\t\t\t\t\t\t\t\t<p>Una experiencia multisensorial que combina la sabidur\u00eda ancestral de la meditaci\u00f3n con los \u00faltimos avances de la f\u00edsica cu\u00e1ntica, con el objetivo de devolver a la mente y al cuerpo su equilibrio natural, tan frecuentemente alterado por el estr\u00e9s de la vida diaria. Se llama Cueva de la Luz, una tecnolog\u00eda patentada en Espa\u00f1a en [&hellip;]<\/p>\n\t\t\t\t\t\t\t\t\t\t\t\t\t\t\t\t\t\t\t\t\t\t                                                            <div class=\"btn-wraper\">\n                                    \n                                                                            <a class=\"elementskit-btn whitespace--normal\" id=\"\" href=\"https:\/\/cuevadelaluz.com\/es\/la-tecnologia-wellness-que-arrasa-en-canarias-llega-ahora-a-genova\/\">\n                                        \t                                            Learn more                                         <\/a>\n                                                                    <\/div>\n                                                    <\/div><!-- .elementskit-post-body END -->\n                    <\/div>\n                \n            <\/div>\n                <\/div>\n       <\/div>\t\t\t\t<\/div>\n\t\t\t\t<\/div>\n\t\t\t\t\t<\/div>\n\t\t\t\t<\/div>\n\t\t\t\t<\/div>\n\t\t","protected":false},"excerpt":{"rendered":"<p>Ciao mondo! Ti diamo il benvenuto in WordPress. Questo \u00e8 il tuo primo articolo. Modificalo o eliminalo e quindi inizia a scrivere! Learn more<\/p>\n","protected":false},"author":1,"featured_media":0,"parent":0,"menu_order":0,"comment_status":"closed","ping_status":"closed","template":"elementor_header_footer","meta":{"footnotes":""},"class_list":["post-1462","page","type-page","status-publish","hentry"],"_links":{"self":[{"href":"https:\/\/cuevadelaluz.com\/es\/wp-json\/wp\/v2\/pages\/1462","targetHints":{"allow":["GET"]}}],"collection":[{"href":"https:\/\/cuevadelaluz.com\/es\/wp-json\/wp\/v2\/pages"}],"about":[{"href":"https:\/\/cuevadelaluz.com\/es\/wp-json\/wp\/v2\/types\/page"}],"author":[{"embeddable":true,"href":"https:\/\/cuevadelaluz.com\/es\/wp-json\/wp\/v2\/users\/1"}],"replies":[{"embeddable":true,"href":"https:\/\/cuevadelaluz.com\/es\/wp-json\/wp\/v2\/comments?post=1462"}],"version-history":[{"count":1,"href":"https:\/\/cuevadelaluz.com\/es\/wp-json\/wp\/v2\/pages\/1462\/revisions"}],"predecessor-version":[{"id":1464,"href":"https:\/\/cuevadelaluz.com\/es\/wp-json\/wp\/v2\/pages\/1462\/revisions\/1464"}],"wp:attachment":[{"href":"https:\/\/cuevadelaluz.com\/es\/wp-json\/wp\/v2\/media?parent=1462"}],"curies":[{"name":"wp","href":"https:\/\/api.w.org\/{rel}","templated":true}]}}