{"id":1258,"date":"2025-04-08T12:23:21","date_gmt":"2025-04-08T10:23:21","guid":{"rendered":"https:\/\/cuevadelaluz.com\/pagina-de-ejemplo\/"},"modified":"2025-10-22T15:16:46","modified_gmt":"2025-10-22T13:16:46","slug":"pagina-de-ejemplo","status":"publish","type":"page","link":"https:\/\/cuevadelaluz.com\/es\/pagina-de-ejemplo\/","title":{"rendered":"P\u00e1gina de ejemplo"},"content":{"rendered":"\n<p>Esta es una p\u00e1gina de ejemplo. Se diferencia de una entrada de blog porque permanece siempre en el mismo lugar y (en muchos temas) aparece en el men\u00fa de navegaci\u00f3n. Muchas personas empiezan con una p\u00e1gina Acerca de que los presenta a los visitantes del sitio. Podr\u00eda aparecer una presentaci\u00f3n del tipo:   <\/p>\n\n<blockquote class=\"wp-block-quote is-layout-flow wp-block-quote-is-layout-flow\"><p>\u00a1Hola! Soy un repartidor ciclista de d\u00eda, aspirante a actor de noche y este es mi sitio web. Vivo en Los \u00c1ngeles, tengo un perro grande llamado Jack y me gusta la pi\u00f1a colada. (Y que me pille la lluvia)   <\/p><\/blockquote>\n\n<p>&#8230;o algo parecido:<\/p>\n\n<blockquote class=\"wp-block-quote is-layout-flow wp-block-quote-is-layout-flow\"><p>La Empresa XYZ Artilugios fue fundada en 1971 y desde entonces proporciona al p\u00fablico artilugios de excelente calidad. Situada en Fantasilandia, XYZ emplea a m\u00e1s de 2.000 personas y fabrica todo tipo de artilugios fant\u00e1sticos para la comunidad de Fantasilandia. <\/p><\/blockquote>\n\n<p>Como nuevo usuario de WordPress, deber\u00eda ir a su <a href=\"https:\/\/cuevadelaluz.com\/wp-admin\/\">Panel de control<\/a> para eliminar esta p\u00e1gina y crear nuevas para sus contenidos. \u00a1Que se divierta! <\/p>\n","protected":false},"excerpt":{"rendered":"<p>Esta es una p\u00e1gina de ejemplo. Se diferencia de una entrada de blog porque permanece siempre en el mismo lugar y (en muchos temas) aparece en el men\u00fa de navegaci\u00f3n. Muchas personas empiezan con una p\u00e1gina Acerca de que los presenta a los visitantes del sitio. Podr\u00eda aparecer una presentaci\u00f3n del tipo: \u00a1Hola! Soy un [&hellip;]<\/p>\n","protected":false},"author":1,"featured_media":0,"parent":0,"menu_order":0,"comment_status":"closed","ping_status":"open","template":"","meta":{"footnotes":""},"class_list":["post-1258","page","type-page","status-publish","hentry"],"_links":{"self":[{"href":"https:\/\/cuevadelaluz.com\/es\/wp-json\/wp\/v2\/pages\/1258","targetHints":{"allow":["GET"]}}],"collection":[{"href":"https:\/\/cuevadelaluz.com\/es\/wp-json\/wp\/v2\/pages"}],"about":[{"href":"https:\/\/cuevadelaluz.com\/es\/wp-json\/wp\/v2\/types\/page"}],"author":[{"embeddable":true,"href":"https:\/\/cuevadelaluz.com\/es\/wp-json\/wp\/v2\/users\/1"}],"replies":[{"embeddable":true,"href":"https:\/\/cuevadelaluz.com\/es\/wp-json\/wp\/v2\/comments?post=1258"}],"version-history":[{"count":0,"href":"https:\/\/cuevadelaluz.com\/es\/wp-json\/wp\/v2\/pages\/1258\/revisions"}],"wp:attachment":[{"href":"https:\/\/cuevadelaluz.com\/es\/wp-json\/wp\/v2\/media?parent=1258"}],"curies":[{"name":"wp","href":"https:\/\/api.w.org\/{rel}","templated":true}]}}