{"id":1249,"date":"2025-04-09T09:21:28","date_gmt":"2025-04-09T07:21:28","guid":{"rendered":"https:\/\/cuevadelaluz.com\/la-ciencia\/"},"modified":"2025-10-22T15:11:53","modified_gmt":"2025-10-22T13:11:53","slug":"la-ciencia","status":"publish","type":"page","link":"https:\/\/cuevadelaluz.com\/es\/la-ciencia\/","title":{"rendered":"La ciencia"},"content":{"rendered":"\t\t<div data-elementor-type=\"wp-page\" data-elementor-id=\"1249\" class=\"elementor elementor-1249 elementor-94\" data-elementor-post-type=\"page\">\n\t\t\t\t<div class=\"elementor-element elementor-element-d1bc643 e-flex e-con-boxed e-con e-child\" data-id=\"d1bc643\" data-element_type=\"container\" data-e-type=\"container\" data-settings=\"{&quot;background_background&quot;:&quot;classic&quot;}\">\n\t\t\t\t\t<div class=\"e-con-inner\">\n\t\t<div class=\"elementor-element elementor-element-438b2e3 e-flex e-con-boxed e-con e-child\" data-id=\"438b2e3\" data-element_type=\"container\" data-e-type=\"container\">\n\t\t\t\t\t<div class=\"e-con-inner\">\n\t\t\t\t<div class=\"elementor-element elementor-element-1e75e11 elementor-widget elementor-widget-heading\" data-id=\"1e75e11\" data-element_type=\"widget\" data-e-type=\"widget\" data-widget_type=\"heading.default\">\n\t\t\t\t<div class=\"elementor-widget-container\">\n\t\t\t\t\t<h1 class=\"elementor-heading-title elementor-size-default\">La ciencia<\/h1>\t\t\t\t<\/div>\n\t\t\t\t<\/div>\n\t\t\t\t\t<\/div>\n\t\t\t\t<\/div>\n\t\t\t\t\t<\/div>\n\t\t\t\t<\/div>\n\t\t<div class=\"elementor-element elementor-element-158418bf e-flex e-con-boxed e-con e-parent\" data-id=\"158418bf\" data-element_type=\"container\" data-e-type=\"container\">\n\t\t\t\t\t<div class=\"e-con-inner\">\n\t\t<div class=\"elementor-element elementor-element-555c22b1 e-con-full e-flex e-con e-child\" data-id=\"555c22b1\" data-element_type=\"container\" data-e-type=\"container\">\n\t\t\t\t<div class=\"elementor-element elementor-element-da0c821 elementor-widget elementor-widget-heading\" data-id=\"da0c821\" data-element_type=\"widget\" data-e-type=\"widget\" data-widget_type=\"heading.default\">\n\t\t\t\t<div class=\"elementor-widget-container\">\n\t\t\t\t\t<h3 class=\"elementor-heading-title elementor-size-default\">La f\u00edsica cu\u00e1ntica<\/h3>\t\t\t\t<\/div>\n\t\t\t\t<\/div>\n\t\t\t\t<div class=\"elementor-element elementor-element-62a94d0c elementor-widget elementor-widget-heading\" data-id=\"62a94d0c\" data-element_type=\"widget\" data-e-type=\"widget\" data-widget_type=\"heading.default\">\n\t\t\t\t<div class=\"elementor-widget-container\">\n\t\t\t\t\t<div class=\"elementor-heading-title elementor-size-default\">En el coraz\u00f3n de Cueva de la Luz\u00ae late la ciencia cu\u00e1ntica, que revela c\u00f3mo la luz est\u00e1 compuesta por part\u00edculas elementales llamadas fotones. Estos cuantos de energ\u00eda interact\u00faan con las c\u00e9lulas de nuestro cuerpo a nivel subat\u00f3mico, influyendo en los procesos bioqu\u00edmicos fundamentales. La frecuencia e intensidad espec\u00edfica de la luz utilizada en el tratamiento ha sido calibrada para optimizar esta interacci\u00f3n. Los fotones estimulan las mitocondrias celulares y la gl\u00e1ndula pineal, favoreciendo la producci\u00f3n de ATP, la mol\u00e9cula energ\u00e9tica esencial para todas las funciones vitales, de melatonina, serotonina y oxitocina.    <\/div>\t\t\t\t<\/div>\n\t\t\t\t<\/div>\n\t\t<div class=\"elementor-element elementor-element-e7d425b e-con-full e-flex e-con e-child\" data-id=\"e7d425b\" data-element_type=\"container\" data-e-type=\"container\">\n\t\t<div class=\"elementor-element elementor-element-5738b02c e-con-full e-flex elementor-invisible e-con e-child\" data-id=\"5738b02c\" data-element_type=\"container\" data-e-type=\"container\" data-settings=\"{&quot;background_background&quot;:&quot;classic&quot;,&quot;animation&quot;:&quot;fadeInLeft&quot;}\">\n\t\t\t\t<div class=\"elementor-element elementor-element-3c64dac1 elementor-widget elementor-widget-heading\" data-id=\"3c64dac1\" data-element_type=\"widget\" data-e-type=\"widget\" data-widget_type=\"heading.default\">\n\t\t\t\t<div class=\"elementor-widget-container\">\n\t\t\t\t\t<h4 class=\"elementor-heading-title elementor-size-default\">Max Planck<\/h4>\t\t\t\t<\/div>\n\t\t\t\t<\/div>\n\t\t\t\t<div class=\"elementor-element elementor-element-454ef38 elementor-widget elementor-widget-image\" data-id=\"454ef38\" data-element_type=\"widget\" data-e-type=\"widget\" data-widget_type=\"image.default\">\n\t\t\t\t<div class=\"elementor-widget-container\">\n\t\t\t\t\t\t\t\t\t\t\t\t\t\t\t<img fetchpriority=\"high\" decoding=\"async\" width=\"568\" height=\"568\" src=\"https:\/\/cuevadelaluz.com\/wp-content\/uploads\/2025\/05\/Immagine3.png\" class=\"attachment-large size-large wp-image-1156\" alt=\"\" srcset=\"https:\/\/cuevadelaluz.com\/wp-content\/uploads\/2025\/05\/Immagine3.png 568w, https:\/\/cuevadelaluz.com\/wp-content\/uploads\/2025\/05\/Immagine3-300x300.png 300w, https:\/\/cuevadelaluz.com\/wp-content\/uploads\/2025\/05\/Immagine3-150x150.png 150w\" sizes=\"(max-width: 568px) 100vw, 568px\" \/>\t\t\t\t\t\t\t\t\t\t\t\t\t\t\t<\/div>\n\t\t\t\t<\/div>\n\t\t\t\t<\/div>\n\t\t<div class=\"elementor-element elementor-element-2bd06c6e e-con-full e-flex e-con e-child\" data-id=\"2bd06c6e\" data-element_type=\"container\" data-e-type=\"container\" data-settings=\"{&quot;background_background&quot;:&quot;classic&quot;}\">\n\t\t\t\t<div class=\"elementor-element elementor-element-424b4f3e elementor-widget elementor-widget-heading\" data-id=\"424b4f3e\" data-element_type=\"widget\" data-e-type=\"widget\" data-widget_type=\"heading.default\">\n\t\t\t\t<div class=\"elementor-widget-container\">\n\t\t\t\t\t<h3 class=\"elementor-heading-title elementor-size-default\">No todos saben que <\/h3>\t\t\t\t<\/div>\n\t\t\t\t<\/div>\n\t\t\t\t<div class=\"elementor-element elementor-element-2343775e elementor-widget elementor-widget-heading\" data-id=\"2343775e\" data-element_type=\"widget\" data-e-type=\"widget\" data-widget_type=\"heading.default\">\n\t\t\t\t<div class=\"elementor-widget-container\">\n\t\t\t\t\t<div class=\"elementor-heading-title elementor-size-default\">\n\nEn 1918, en la 17\u00aa edici\u00f3n del Premio, el Nobel de F\u00edsica fue otorgado a Max Planck y su teor\u00eda de los cuantos de energ\u00eda que viajan en ondas electromagn\u00e9ticas. Desde ese d\u00eda, desde el momento exacto en que el nombre de Planck fue pronunciado en la ceremonia de premiaci\u00f3n, ning\u00fan cuerpo est\u00e1 verdaderamente limitado a su materia visible. <br><br>\nSeguimos todos aqu\u00ed desde el principio de los tiempos y lo estaremos para siempre, descompuestos y recompuestos en min\u00fasculos cuantos de energ\u00eda que forman y deshacen \u00e1tomos, c\u00e9lulas, vida de cada historia vivida.<br><br>\nLa energ\u00eda es materia que nos alcanza y, como una fin\u00edsima lluvia de universo, nos despierta.\n<\/div>\t\t\t\t<\/div>\n\t\t\t\t<\/div>\n\t\t\t\t<\/div>\n\t\t\t\t<\/div>\n\t\t\t\t<\/div>\n\t\t\t\t\t<\/div>\n\t\t\t\t<\/div>\n\t\t<div class=\"elementor-element elementor-element-75de464c e-flex e-con-boxed e-con e-parent\" data-id=\"75de464c\" data-element_type=\"container\" data-e-type=\"container\" data-settings=\"{&quot;background_background&quot;:&quot;classic&quot;}\">\n\t\t\t\t\t<div class=\"e-con-inner\">\n\t\t<div class=\"elementor-element elementor-element-542441a e-con-full e-flex e-con e-child\" data-id=\"542441a\" data-element_type=\"container\" data-e-type=\"container\">\n\t\t\t\t<div class=\"elementor-element elementor-element-17f536d0 elementor-widget elementor-widget-heading\" data-id=\"17f536d0\" data-element_type=\"widget\" data-e-type=\"widget\" data-widget_type=\"heading.default\">\n\t\t\t\t<div class=\"elementor-widget-container\">\n\t\t\t\t\t<h2 class=\"elementor-heading-title elementor-size-default\">Las evidencias m\u00e9dicas<\/h2>\t\t\t\t<\/div>\n\t\t\t\t<\/div>\n\t\t\t\t<div class=\"elementor-element elementor-element-656cddde elementor-widget elementor-widget-heading\" data-id=\"656cddde\" data-element_type=\"widget\" data-e-type=\"widget\" data-widget_type=\"heading.default\">\n\t\t\t\t<div class=\"elementor-widget-container\">\n\t\t\t\t\t<div class=\"elementor-heading-title elementor-size-default\">Las evidencias cient\u00edficas que respaldan Cueva de la Luz\u00ae provienen de estudios cl\u00ednicos y observacionales realizados en diversos centros de investigaci\u00f3n. La estimulaci\u00f3n luminosa a longitudes de onda espec\u00edficas ha demostrado efectos significativos en la regulaci\u00f3n de los ritmos circadianos a trav\u00e9s de la modulaci\u00f3n de la melatonina y la serotonina. Investigaciones recientes documentan c\u00f3mo la fototerapia LED (non UV) avanzada influye positivamente en los niveles de cortisol y en los biomarcadores de la inflamaci\u00f3n. La musicoterapia a 432Hz, componente esencial del protocolo, ha evidenciado efectos medibles en la variabilidad de la frecuencia card\u00edaca y en la actividad cerebral. El seguimiento de los par\u00e1metros vitales antes y despu\u00e9s de las sesiones confirma cambios positivos en el sistema nervioso aut\u00f3nomo y en el equilibrio psicof\u00edsico general.    <\/div>\t\t\t\t<\/div>\n\t\t\t\t<\/div>\n\t\t\t\t<div class=\"elementor-element elementor-element-51bc1268 elementor-position-inline-start elementor-view-stacked elementor-hidden-desktop elementor-hidden-tablet elementor-hidden-mobile elementor-shape-circle elementor-mobile-position-block-start elementor-widget elementor-widget-icon-box\" data-id=\"51bc1268\" data-element_type=\"widget\" data-e-type=\"widget\" data-widget_type=\"icon-box.default\">\n\t\t\t\t<div class=\"elementor-widget-container\">\n\t\t\t\t\t\t\t<div class=\"elementor-icon-box-wrapper\">\n\n\t\t\t\t\t\t<div class=\"elementor-icon-box-icon\">\n\t\t\t\t<span  class=\"elementor-icon\">\n\t\t\t\t<i aria-hidden=\"true\" class=\"icon icon-support1\"><\/i>\t\t\t\t<\/span>\n\t\t\t<\/div>\n\t\t\t\n\t\t\t\t\t\t<div class=\"elementor-icon-box-content\">\n\n\t\t\t\t\t\t\t\t\t<div class=\"elementor-icon-box-title\">\n\t\t\t\t\t\t<span  >\n\t\t\t\t\t\t\tAtenci\u00f3n Prioritaria al Cliente\t\t\t\t\t\t<\/span>\n\t\t\t\t\t<\/div>\n\t\t\t\t\n\t\t\t\t\t\t\t\t\t<p class=\"elementor-icon-box-description\">\n\t\t\t\t\t\tSu bienestar es nuestra prioridad. Benef\u00edciese de un servicio de atenci\u00f3n al cliente de alto nivel para resolver cualquier duda o consulta de forma inmediata. \t\t\t\t\t<\/p>\n\t\t\t\t\n\t\t\t<\/div>\n\t\t\t\n\t\t<\/div>\n\t\t\t\t\t\t<\/div>\n\t\t\t\t<\/div>\n\t\t\t\t<\/div>\n\t\t<div class=\"elementor-element elementor-element-6316fa59 e-con-full e-flex e-con e-child\" data-id=\"6316fa59\" data-element_type=\"container\" data-e-type=\"container\">\n\t\t\t\t<div class=\"elementor-element elementor-element-61f99d9d elementor-widget elementor-widget-image\" data-id=\"61f99d9d\" data-element_type=\"widget\" data-e-type=\"widget\" data-widget_type=\"image.default\">\n\t\t\t\t<div class=\"elementor-widget-container\">\n\t\t\t\t\t\t\t\t\t\t\t\t\t\t\t<img decoding=\"async\" width=\"675\" height=\"800\" src=\"https:\/\/cuevadelaluz.com\/wp-content\/uploads\/2025\/04\/image-doctor-11.png\" class=\"attachment-full size-full wp-image-1193\" alt=\"\" srcset=\"https:\/\/cuevadelaluz.com\/wp-content\/uploads\/2025\/04\/image-doctor-11.png 675w, https:\/\/cuevadelaluz.com\/wp-content\/uploads\/2025\/04\/image-doctor-11-253x300.png 253w\" sizes=\"(max-width: 675px) 100vw, 675px\" \/>\t\t\t\t\t\t\t\t\t\t\t\t\t\t\t<\/div>\n\t\t\t\t<\/div>\n\t\t\t\t<\/div>\n\t\t\t\t\t<\/div>\n\t\t\t\t<\/div>\n\t\t<div class=\"elementor-element elementor-element-6270c007 e-flex e-con-boxed e-con e-parent\" data-id=\"6270c007\" data-element_type=\"container\" data-e-type=\"container\">\n\t\t\t\t\t<div class=\"e-con-inner\">\n\t\t<div class=\"elementor-element elementor-element-3adcea7c e-flex e-con-boxed e-con e-child\" data-id=\"3adcea7c\" data-element_type=\"container\" data-e-type=\"container\">\n\t\t\t\t\t<div class=\"e-con-inner\">\n\t\t\t\t<div class=\"elementor-element elementor-element-7ffacac0 elementor-widget elementor-widget-heading\" data-id=\"7ffacac0\" data-element_type=\"widget\" data-e-type=\"widget\" data-widget_type=\"heading.default\">\n\t\t\t\t<div class=\"elementor-widget-container\">\n\t\t\t\t\t<h2 class=\"elementor-heading-title elementor-size-default\">Prevenci\u00f3n y tratamiento<\/h2>\t\t\t\t<\/div>\n\t\t\t\t<\/div>\n\t\t<div class=\"elementor-element elementor-element-02a2b23 e-con-full e-flex e-con e-child\" data-id=\"02a2b23\" data-element_type=\"container\" data-e-type=\"container\">\n\t\t\t\t<div class=\"elementor-element elementor-element-dd7579f elementor-widget__width-initial elementor-widget elementor-widget-image\" data-id=\"dd7579f\" data-element_type=\"widget\" data-e-type=\"widget\" data-widget_type=\"image.default\">\n\t\t\t\t<div class=\"elementor-widget-container\">\n\t\t\t\t\t\t\t\t\t\t\t\t\t\t\t<img decoding=\"async\" width=\"2560\" height=\"1707\" src=\"https:\/\/cuevadelaluz.com\/wp-content\/uploads\/2025\/04\/DSC_0757-scaled.jpg\" class=\"attachment-full size-full wp-image-1212\" alt=\"\" srcset=\"https:\/\/cuevadelaluz.com\/wp-content\/uploads\/2025\/04\/DSC_0757-scaled.jpg 2560w, https:\/\/cuevadelaluz.com\/wp-content\/uploads\/2025\/04\/DSC_0757-300x200.jpg 300w, https:\/\/cuevadelaluz.com\/wp-content\/uploads\/2025\/04\/DSC_0757-1024x683.jpg 1024w, https:\/\/cuevadelaluz.com\/wp-content\/uploads\/2025\/04\/DSC_0757-768x512.jpg 768w, https:\/\/cuevadelaluz.com\/wp-content\/uploads\/2025\/04\/DSC_0757-1536x1024.jpg 1536w, https:\/\/cuevadelaluz.com\/wp-content\/uploads\/2025\/04\/DSC_0757-2048x1365.jpg 2048w\" sizes=\"(max-width: 2560px) 100vw, 2560px\" \/>\t\t\t\t\t\t\t\t\t\t\t\t\t\t\t<\/div>\n\t\t\t\t<\/div>\n\t\t\t\t<div class=\"elementor-element elementor-element-810f372 elementor-widget elementor-widget-heading\" data-id=\"810f372\" data-element_type=\"widget\" data-e-type=\"widget\" data-widget_type=\"heading.default\">\n\t\t\t\t<div class=\"elementor-widget-container\">\n\t\t\t\t\t<div class=\"elementor-heading-title elementor-size-default\">Cueva de la Luz\u00ae representa una potente herramienta de medicina preventiva y complementaria. La exposici\u00f3n regular al protocolo fortalece los mecanismos naturales de defensa del organismo, aumentando la resistencia al estr\u00e9s oxidativo y mejorando la respuesta inmunitaria. En el plano preventivo, el tratamiento contribuye a mantener el equilibrio de los sistemas biol\u00f3gicos fundamentales, reduciendo los factores de riesgo asociados a numerosas condiciones cr\u00f3nicas. Como apoyo a las terapias convencionales, la Cueva ha demostrado ser particularmente eficaz en la mejora de la calidad de vida y la aceleraci\u00f3n de los procesos de recuperaci\u00f3n. El enfoque no invasivo y libre de efectos secundarios la convierte en una valiosa aliada tanto en la prevenci\u00f3n como en complemento a los procesos de tratamiento, siempre en sinergia con los protocolos m\u00e9dicos tradicionales.    <\/div>\t\t\t\t<\/div>\n\t\t\t\t<\/div>\n\t\t\t\t<\/div>\n\t\t\t\t\t<\/div>\n\t\t\t\t<\/div>\n\t\t\t\t\t<\/div>\n\t\t\t\t<\/div>\n\t\t<div class=\"elementor-element elementor-element-1ab6e66f e-flex e-con-boxed e-con e-parent\" data-id=\"1ab6e66f\" data-element_type=\"container\" data-e-type=\"container\" data-settings=\"{&quot;background_background&quot;:&quot;classic&quot;}\">\n\t\t\t\t\t<div class=\"e-con-inner\">\n\t\t<div class=\"elementor-element elementor-element-45110e01 e-flex e-con-boxed elementor-invisible e-con e-child\" data-id=\"45110e01\" data-element_type=\"container\" data-e-type=\"container\" data-settings=\"{&quot;background_background&quot;:&quot;classic&quot;,&quot;animation&quot;:&quot;fadeInDown&quot;}\">\n\t\t\t\t\t<div class=\"e-con-inner\">\n\t\t\t\t<div class=\"elementor-element elementor-element-2c9cacd7 elementor-widget elementor-widget-heading\" data-id=\"2c9cacd7\" data-element_type=\"widget\" data-e-type=\"widget\" data-widget_type=\"heading.default\">\n\t\t\t\t<div class=\"elementor-widget-container\">\n\t\t\t\t\t<h2 class=\"elementor-heading-title elementor-size-default\">Descargue el informe m\u00e9dico completo<\/h2>\t\t\t\t<\/div>\n\t\t\t\t<\/div>\n\t\t\t\t<div class=\"elementor-element elementor-element-18608ca0 elementor-align-center elementor-widget elementor-widget-button\" data-id=\"18608ca0\" data-element_type=\"widget\" data-e-type=\"widget\" data-widget_type=\"button.default\">\n\t\t\t\t<div class=\"elementor-widget-container\">\n\t\t\t\t\t\t\t\t\t<div class=\"elementor-button-wrapper\">\n\t\t\t\t\t<a class=\"elementor-button elementor-button-link elementor-size-sm\" href=\"https:\/\/cuevadelaluz.com\/wp-content\/uploads\/2025\/05\/Fototerapia-e-Cueva-de-la-Luz.pdf\" target=\"_blank\">\n\t\t\t\t\t\t<span class=\"elementor-button-content-wrapper\">\n\t\t\t\t\t\t<span class=\"elementor-button-icon\">\n\t\t\t\t<i aria-hidden=\"true\" class=\"icon icon-download-arrow\"><\/i>\t\t\t<\/span>\n\t\t\t\t\t\t\t\t\t<span class=\"elementor-button-text\">Descargar<\/span>\n\t\t\t\t\t<\/span>\n\t\t\t\t\t<\/a>\n\t\t\t\t<\/div>\n\t\t\t\t\t\t\t\t<\/div>\n\t\t\t\t<\/div>\n\t\t\t\t\t<\/div>\n\t\t\t\t<\/div>\n\t\t\t\t\t<\/div>\n\t\t\t\t<\/div>\n\t\t\t\t<\/div>\n\t\t","protected":false},"excerpt":{"rendered":"<p>La f\u00edsica cu\u00e1ntica En el coraz\u00f3n de Cueva de la Luz\u00ae late la ciencia cu\u00e1ntica, que revela c\u00f3mo la luz est\u00e1 compuesta por part\u00edculas elementales llamadas fotones. Estos cuantos de energ\u00eda interact\u00faan con las c\u00e9lulas de nuestro cuerpo a nivel subat\u00f3mico, influyendo en los procesos bioqu\u00edmicos fundamentales. La frecuencia e intensidad espec\u00edfica de la luz [&hellip;]<\/p>\n","protected":false},"author":1,"featured_media":0,"parent":0,"menu_order":0,"comment_status":"closed","ping_status":"closed","template":"elementor_header_footer","meta":{"footnotes":""},"class_list":["post-1249","page","type-page","status-publish","hentry"],"_links":{"self":[{"href":"https:\/\/cuevadelaluz.com\/es\/wp-json\/wp\/v2\/pages\/1249","targetHints":{"allow":["GET"]}}],"collection":[{"href":"https:\/\/cuevadelaluz.com\/es\/wp-json\/wp\/v2\/pages"}],"about":[{"href":"https:\/\/cuevadelaluz.com\/es\/wp-json\/wp\/v2\/types\/page"}],"author":[{"embeddable":true,"href":"https:\/\/cuevadelaluz.com\/es\/wp-json\/wp\/v2\/users\/1"}],"replies":[{"embeddable":true,"href":"https:\/\/cuevadelaluz.com\/es\/wp-json\/wp\/v2\/comments?post=1249"}],"version-history":[{"count":0,"href":"https:\/\/cuevadelaluz.com\/es\/wp-json\/wp\/v2\/pages\/1249\/revisions"}],"wp:attachment":[{"href":"https:\/\/cuevadelaluz.com\/es\/wp-json\/wp\/v2\/media?parent=1249"}],"curies":[{"name":"wp","href":"https:\/\/api.w.org\/{rel}","templated":true}]}}