{"id":1220,"date":"2025-04-09T09:21:11","date_gmt":"2025-04-09T07:21:11","guid":{"rendered":"https:\/\/cuevadelaluz.com\/il-metodo\/"},"modified":"2025-10-22T16:14:41","modified_gmt":"2025-10-22T14:14:41","slug":"il-metodo","status":"publish","type":"page","link":"https:\/\/cuevadelaluz.com\/es\/il-metodo\/","title":{"rendered":"El m\u00e9todo"},"content":{"rendered":"\t\t<div data-elementor-type=\"wp-page\" data-elementor-id=\"1220\" class=\"elementor elementor-1220 elementor-92\" data-elementor-post-type=\"page\">\n\t\t\t\t<div class=\"elementor-element elementor-element-685d7fff e-flex e-con-boxed e-con e-child\" data-id=\"685d7fff\" data-element_type=\"container\" data-e-type=\"container\" data-settings=\"{&quot;background_background&quot;:&quot;classic&quot;}\">\n\t\t\t\t\t<div class=\"e-con-inner\">\n\t\t<div class=\"elementor-element elementor-element-55762ecf e-flex e-con-boxed e-con e-child\" data-id=\"55762ecf\" data-element_type=\"container\" data-e-type=\"container\">\n\t\t\t\t\t<div class=\"e-con-inner\">\n\t\t\t\t<div class=\"elementor-element elementor-element-3d459baf elementor-widget elementor-widget-heading\" data-id=\"3d459baf\" data-element_type=\"widget\" data-e-type=\"widget\" data-widget_type=\"heading.default\">\n\t\t\t\t<div class=\"elementor-widget-container\">\n\t\t\t\t\t<h1 class=\"elementor-heading-title elementor-size-default\">El m\u00e9todo<\/h1>\t\t\t\t<\/div>\n\t\t\t\t<\/div>\n\t\t\t\t\t<\/div>\n\t\t\t\t<\/div>\n\t\t\t\t\t<\/div>\n\t\t\t\t<\/div>\n\t\t<div class=\"elementor-element elementor-element-9e8a2fd e-flex e-con-boxed e-con e-parent\" data-id=\"9e8a2fd\" data-element_type=\"container\" data-e-type=\"container\" data-settings=\"{&quot;background_background&quot;:&quot;classic&quot;}\">\n\t\t\t\t\t<div class=\"e-con-inner\">\n\t\t<div class=\"elementor-element elementor-element-1e67f0aa e-con-full e-flex elementor-invisible e-con e-child\" data-id=\"1e67f0aa\" data-element_type=\"container\" data-e-type=\"container\" data-settings=\"{&quot;animation&quot;:&quot;fadeInRight&quot;}\">\n\t\t\t\t<div class=\"elementor-element elementor-element-5b46ba51 elementor-widget elementor-widget-heading\" data-id=\"5b46ba51\" data-element_type=\"widget\" data-e-type=\"widget\" data-widget_type=\"heading.default\">\n\t\t\t\t<div class=\"elementor-widget-container\">\n\t\t\t\t\t<h2 class=\"elementor-heading-title elementor-size-default\">C\u00f3mo nace<\/h2>\t\t\t\t<\/div>\n\t\t\t\t<\/div>\n\t\t\t\t<div class=\"elementor-element elementor-element-2441178a elementor-widget elementor-widget-heading\" data-id=\"2441178a\" data-element_type=\"widget\" data-e-type=\"widget\" data-widget_type=\"heading.default\">\n\t\t\t\t<div class=\"elementor-widget-container\">\n\t\t\t\t\t<div class=\"elementor-heading-title elementor-size-default\">Investigadores y Premios Nobel han realizado estudios de f\u00edsica cu\u00e1ntica, neurofisiolog\u00eda y fototerapia LED (non UV) para analizar los efectos beneficiosos de longitudes de onda luminosas espec\u00edficas en el cuerpo humano, integr\u00e1ndolos con frecuencias sonoras armonizantes. Este recorrido cient\u00edfico ha dado lugar a un protocolo \u00fanico, rigurosamente probado y optimizado para potenciar los beneficios sobre la salud psicof\u00edsica. <\/div>\t\t\t\t<\/div>\n\t\t\t\t<\/div>\n\t\t\t\t<div class=\"elementor-element elementor-element-1d85bee7 elementor-widget elementor-widget-button\" data-id=\"1d85bee7\" data-element_type=\"widget\" data-e-type=\"widget\" data-widget_type=\"button.default\">\n\t\t\t\t<div class=\"elementor-widget-container\">\n\t\t\t\t\t\t\t\t\t<div class=\"elementor-button-wrapper\">\n\t\t\t\t\t<a class=\"elementor-button elementor-button-link elementor-size-sm\" href=\"#\">\n\t\t\t\t\t\t<span class=\"elementor-button-content-wrapper\">\n\t\t\t\t\t\t\t\t\t<span class=\"elementor-button-text\">Descargue el informe cient\u00edfico<\/span>\n\t\t\t\t\t<\/span>\n\t\t\t\t\t<\/a>\n\t\t\t\t<\/div>\n\t\t\t\t\t\t\t\t<\/div>\n\t\t\t\t<\/div>\n\t\t\t\t<\/div>\n\t\t<div class=\"elementor-element elementor-element-51b42bb6 e-con-full e-flex e-con e-child\" data-id=\"51b42bb6\" data-element_type=\"container\" data-e-type=\"container\">\n\t\t\t\t<div class=\"elementor-element elementor-element-693604d4 elementor-widget elementor-widget-image\" data-id=\"693604d4\" data-element_type=\"widget\" data-e-type=\"widget\" data-widget_type=\"image.default\">\n\t\t\t\t<div class=\"elementor-widget-container\">\n\t\t\t\t\t\t\t\t\t\t\t\t\t\t\t<img fetchpriority=\"high\" decoding=\"async\" width=\"890\" height=\"720\" src=\"https:\/\/cuevadelaluz.com\/wp-content\/uploads\/2025\/05\/Immagine6.jpg\" class=\"attachment-full size-full wp-image-1211\" alt=\"\" srcset=\"https:\/\/cuevadelaluz.com\/wp-content\/uploads\/2025\/05\/Immagine6.jpg 890w, https:\/\/cuevadelaluz.com\/wp-content\/uploads\/2025\/05\/Immagine6-300x243.jpg 300w, https:\/\/cuevadelaluz.com\/wp-content\/uploads\/2025\/05\/Immagine6-768x621.jpg 768w\" sizes=\"(max-width: 890px) 100vw, 890px\" \/>\t\t\t\t\t\t\t\t\t\t\t\t\t\t\t<\/div>\n\t\t\t\t<\/div>\n\t\t\t\t<\/div>\n\t\t<div class=\"elementor-element elementor-element-1640a4f5 e-con-full e-flex elementor-invisible e-con e-child\" data-id=\"1640a4f5\" data-element_type=\"container\" data-e-type=\"container\" data-settings=\"{&quot;background_background&quot;:&quot;classic&quot;,&quot;animation&quot;:&quot;fadeInLeft&quot;}\">\n\t\t\t\t<div class=\"elementor-element elementor-element-fe176b4 elementor-widget elementor-widget-heading\" data-id=\"fe176b4\" data-element_type=\"widget\" data-e-type=\"widget\" data-widget_type=\"heading.default\">\n\t\t\t\t<div class=\"elementor-widget-container\">\n\t\t\t\t\t<h4 class=\"elementor-heading-title elementor-size-default\">No todos saben que <\/h4>\t\t\t\t<\/div>\n\t\t\t\t<\/div>\n\t\t\t\t<div class=\"elementor-element elementor-element-32efbf79 elementor-widget elementor-widget-heading\" data-id=\"32efbf79\" data-element_type=\"widget\" data-e-type=\"widget\" data-widget_type=\"heading.default\">\n\t\t\t\t<div class=\"elementor-widget-container\">\n\t\t\t\t\t<div class=\"elementor-heading-title elementor-size-default\">En 2009, los investigadores Elizabeth Blackburn, Carol W. Greider y Jack W. Szostak fueron galardonados con un Premio Nobel de Medicina demostrando los beneficios de la meditaci\u00f3n<\/div>\t\t\t\t<\/div>\n\t\t\t\t<\/div>\n\t\t\t\t<\/div>\n\t\t\t\t\t<\/div>\n\t\t\t\t<\/div>\n\t\t<div class=\"elementor-element elementor-element-7a304fa2 e-flex e-con-boxed e-con e-parent\" data-id=\"7a304fa2\" data-element_type=\"container\" data-e-type=\"container\" data-settings=\"{&quot;background_background&quot;:&quot;classic&quot;}\">\n\t\t\t\t\t<div class=\"e-con-inner\">\n\t\t<div class=\"elementor-element elementor-element-21faff91 e-flex e-con-boxed elementor-invisible e-con e-child\" data-id=\"21faff91\" data-element_type=\"container\" data-e-type=\"container\" data-settings=\"{&quot;background_background&quot;:&quot;classic&quot;,&quot;animation&quot;:&quot;fadeInDown&quot;}\">\n\t\t\t\t\t<div class=\"e-con-inner\">\n\t\t\t\t<div class=\"elementor-element elementor-element-317ec430 elementor-widget elementor-widget-heading\" data-id=\"317ec430\" data-element_type=\"widget\" data-e-type=\"widget\" data-widget_type=\"heading.default\">\n\t\t\t\t<div class=\"elementor-widget-container\">\n\t\t\t\t\t<h2 class=\"elementor-heading-title elementor-size-default\">C\u00f3mo act\u00faa<\/h2>\t\t\t\t<\/div>\n\t\t\t\t<\/div>\n\t\t\t\t<div class=\"elementor-element elementor-element-1af341bc elementor-widget elementor-widget-text-editor\" data-id=\"1af341bc\" data-element_type=\"widget\" data-e-type=\"widget\" data-widget_type=\"text-editor.default\">\n\t\t\t\t<div class=\"elementor-widget-container\">\n\t\t\t\t\t\t\t\t\t<p>El tratamiento Cueva de la Luz\u00ae act\u00faa a trav\u00e9s de una estimulaci\u00f3n multisensorial calibrada con precisi\u00f3n. La fototerapia LED (non UV) avanzada utiliza longitudes de onda luminosas espec\u00edficas que interact\u00faan con los fotorreceptores de la piel y los ojos, estimulando la producci\u00f3n de mol\u00e9culas bioactivas y activando la gl\u00e1ndula pineal. La musicoterapia a frecuencia 432Hz, considerada la frecuencia de la armon\u00eda universal, induce un estado de profunda relajaci\u00f3n cerebral. Esta combinaci\u00f3n estimula suavemente la gl\u00e1ndula pineal, que produce inmediatamente melatonina y serotonina, hormonas fundamentales para la salud del cuerpo y la mente. Se produce as\u00ed una regulaci\u00f3n natural de importantes procesos fisiol\u00f3gicos, para una inmersi\u00f3n completa en un estado de profunda regeneraci\u00f3n inmediata, sin ning\u00fan contacto f\u00edsico directo con operadores.    <\/p>\t\t\t\t\t\t\t\t<\/div>\n\t\t\t\t<\/div>\n\t\t\t\t<div class=\"elementor-element elementor-element-8090952 elementor-align-center elementor-widget elementor-widget-button\" data-id=\"8090952\" data-element_type=\"widget\" data-e-type=\"widget\" data-widget_type=\"button.default\">\n\t\t\t\t<div class=\"elementor-widget-container\">\n\t\t\t\t\t\t\t\t\t<div class=\"elementor-button-wrapper\">\n\t\t\t\t\t<a class=\"elementor-button elementor-button-link elementor-size-sm\" href=\"#\">\n\t\t\t\t\t\t<span class=\"elementor-button-content-wrapper\">\n\t\t\t\t\t\t\t\t\t<span class=\"elementor-button-text\">Descargue el informe cient\u00edfico<\/span>\n\t\t\t\t\t<\/span>\n\t\t\t\t\t<\/a>\n\t\t\t\t<\/div>\n\t\t\t\t\t\t\t\t<\/div>\n\t\t\t\t<\/div>\n\t\t\t\t\t<\/div>\n\t\t\t\t<\/div>\n\t\t\t\t\t<\/div>\n\t\t\t\t<\/div>\n\t\t<div class=\"elementor-element elementor-element-129e1207 e-flex e-con-boxed e-con e-parent\" data-id=\"129e1207\" data-element_type=\"container\" data-e-type=\"container\">\n\t\t\t\t\t<div class=\"e-con-inner\">\n\t\t<div class=\"elementor-element elementor-element-33654122 e-flex e-con-boxed e-con e-child\" data-id=\"33654122\" data-element_type=\"container\" data-e-type=\"container\">\n\t\t\t\t\t<div class=\"e-con-inner\">\n\t\t\t\t<div class=\"elementor-element elementor-element-2b559edf elementor-widget elementor-widget-heading\" data-id=\"2b559edf\" data-element_type=\"widget\" data-e-type=\"widget\" data-widget_type=\"heading.default\">\n\t\t\t\t<div class=\"elementor-widget-container\">\n\t\t\t\t\t<h2 class=\"elementor-heading-title elementor-size-default\">Por qu\u00e9 es \u00fanico<\/h2>\t\t\t\t<\/div>\n\t\t\t\t<\/div>\n\t\t\t\t<div class=\"elementor-element elementor-element-37afee4f elementor-widget elementor-widget-heading\" data-id=\"37afee4f\" data-element_type=\"widget\" data-e-type=\"widget\" data-widget_type=\"heading.default\">\n\t\t\t\t<div class=\"elementor-widget-container\">\n\t\t\t\t\t<div class=\"elementor-heading-title elementor-size-default\"> La Cueva de la Luz\u00ae trasciende el concepto de simple tratamiento y se afirma como un recorrido innovador, donde el encuentro entre ciencia y consciencia genera una experiencia hol\u00edstica aut\u00e9nticamente transformadora.<\/div>\t\t\t\t<\/div>\n\t\t\t\t<\/div>\n\t\t\t\t\t<\/div>\n\t\t\t\t<\/div>\n\t\t<div class=\"elementor-element elementor-element-725ce600 e-flex e-con-boxed e-con e-child\" data-id=\"725ce600\" data-element_type=\"container\" data-e-type=\"container\">\n\t\t\t\t\t<div class=\"e-con-inner\">\n\t\t\t\t<div class=\"elementor-element elementor-element-6e3e4d5f elementor-widget__width-initial elementor-widget-tablet__width-inherit elementor-widget elementor-widget-elementskit-accordion\" data-id=\"6e3e4d5f\" data-element_type=\"widget\" data-e-type=\"widget\" data-widget_type=\"elementskit-accordion.default\">\n\t\t\t\t<div class=\"elementor-widget-container\">\n\t\t\t\t\t<div class=\"ekit-wid-con\" >\n        <div class=\"elementskit-accordion accoedion-primary\" id=\"accordion-69e4c0117ebc0\">\n\n            \n                <div class=\"elementskit-card active\">\n                    <div class=\"elementskit-card-header\" id=\"primaryHeading-0-6e3e4d5f\">\n                        <a href=\"#collapse-01d8d7969e4c0117ebc0\" class=\"ekit-accordion--toggler elementskit-btn-link collapsed\" data-ekit-toggle=\"collapse\" data-target=\"#Collapse-01d8d7969e4c0117ebc0\" aria-expanded=\"true\" aria-controls=\"Collapse-01d8d7969e4c0117ebc0\">\n                            \n                            <span class=\"ekit-accordion-title\">\u00bfQu\u00e9 hay de nuevo?<\/span>\n\n                            \n                                <div class=\"ekit_accordion_icon_group\">\n                                    <div class=\"ekit_accordion_normal_icon\">\n                                        <!-- Normal Icon -->\n\t\t\t\t\t\t\t\t\t\t<i class=\"icon icon-down-arrow1\"><\/i>                                    <\/div>\n\n                                    <div class=\"ekit_accordion_active_icon\">\n                                        <!-- Active Icon -->\n\t\t\t\t\t\t\t\t\t\t<i class=\"icon icon-up-arrow1\"><\/i>                                    <\/div>\n                                <\/div>\n\n                            \n                                                    <\/a>\n                    <\/div>\n\n                    <div id=\"Collapse-01d8d7969e4c0117ebc0\" class=\" show collapse\" aria-labelledby=\"primaryHeading-0-6e3e4d5f\" data-parent=\"#accordion-69e4c0117ebc0\">\n\n                        <div class=\"elementskit-card-body ekit-accordion--content\">\n                            <p>Cueva de la Luz\u00ae representa una revoluci\u00f3n en el campo del bienestar integrando cient\u00edficamente los principios de la f\u00edsica cu\u00e1ntica con t\u00e9cnicas multisensoriales avanzadas.<\/p>\n                        <\/div>\n\n                    <\/div>\n\n                <\/div><!-- .elementskit-card END -->\n\n                \n                <div class=\"elementskit-card \">\n                    <div class=\"elementskit-card-header\" id=\"primaryHeading-1-6e3e4d5f\">\n                        <a href=\"#collapse-4cb7d5969e4c0117ebc0\" class=\"ekit-accordion--toggler elementskit-btn-link collapsed\" data-ekit-toggle=\"collapse\" data-target=\"#Collapse-4cb7d5969e4c0117ebc0\" aria-expanded=\"false\" aria-controls=\"Collapse-4cb7d5969e4c0117ebc0\">\n                            \n                            <span class=\"ekit-accordion-title\">\u00bfQu\u00e9 significa &quot;no touch&quot;?<\/span>\n\n                            \n                                <div class=\"ekit_accordion_icon_group\">\n                                    <div class=\"ekit_accordion_normal_icon\">\n                                        <!-- Normal Icon -->\n\t\t\t\t\t\t\t\t\t\t<i class=\"icon icon-down-arrow1\"><\/i>                                    <\/div>\n\n                                    <div class=\"ekit_accordion_active_icon\">\n                                        <!-- Active Icon -->\n\t\t\t\t\t\t\t\t\t\t<i class=\"icon icon-up-arrow1\"><\/i>                                    <\/div>\n                                <\/div>\n\n                            \n                                                    <\/a>\n                    <\/div>\n\n                    <div id=\"Collapse-4cb7d5969e4c0117ebc0\" class=\" collapse\" aria-labelledby=\"primaryHeading-1-6e3e4d5f\" data-parent=\"#accordion-69e4c0117ebc0\">\n\n                        <div class=\"elementskit-card-body ekit-accordion--content\">\n                            <p>No requiere operadores en cabina y esto hace que la experiencia sea completamente personal.<\/p>\n                        <\/div>\n\n                    <\/div>\n\n                <\/div><!-- .elementskit-card END -->\n\n                \n                <div class=\"elementskit-card \">\n                    <div class=\"elementskit-card-header\" id=\"primaryHeading-2-6e3e4d5f\">\n                        <a href=\"#collapse-628ffab69e4c0117ebc0\" class=\"ekit-accordion--toggler elementskit-btn-link collapsed\" data-ekit-toggle=\"collapse\" data-target=\"#Collapse-628ffab69e4c0117ebc0\" aria-expanded=\"false\" aria-controls=\"Collapse-628ffab69e4c0117ebc0\">\n                            \n                            <span class=\"ekit-accordion-title\">\u00bfPor qu\u00e9 diez recorridos diferentes?<\/span>\n\n                            \n                                <div class=\"ekit_accordion_icon_group\">\n                                    <div class=\"ekit_accordion_normal_icon\">\n                                        <!-- Normal Icon -->\n\t\t\t\t\t\t\t\t\t\t<i class=\"icon icon-down-arrow1\"><\/i>                                    <\/div>\n\n                                    <div class=\"ekit_accordion_active_icon\">\n                                        <!-- Active Icon -->\n\t\t\t\t\t\t\t\t\t\t<i class=\"icon icon-up-arrow1\"><\/i>                                    <\/div>\n                                <\/div>\n\n                            \n                                                    <\/a>\n                    <\/div>\n\n                    <div id=\"Collapse-628ffab69e4c0117ebc0\" class=\" collapse\" aria-labelledby=\"primaryHeading-2-6e3e4d5f\" data-parent=\"#accordion-69e4c0117ebc0\">\n\n                        <div class=\"elementskit-card-body ekit-accordion--content\">\n                            <p>La personalizaci\u00f3n de cada sesi\u00f3n se acompa\u00f1a de un perfecto equilibrio entre rigor cient\u00edfico y profundidad emocional.<\/p>\n                        <\/div>\n\n                    <\/div>\n\n                <\/div><!-- .elementskit-card END -->\n\n                \n                <div class=\"elementskit-card \">\n                    <div class=\"elementskit-card-header\" id=\"primaryHeading-3-6e3e4d5f\">\n                        <a href=\"#collapse-b1f355f69e4c0117ebc0\" class=\"ekit-accordion--toggler elementskit-btn-link collapsed\" data-ekit-toggle=\"collapse\" data-target=\"#Collapse-b1f355f69e4c0117ebc0\" aria-expanded=\"false\" aria-controls=\"Collapse-b1f355f69e4c0117ebc0\">\n                            \n                            <span class=\"ekit-accordion-title\">\u00bfTiene efectos secundarios?<\/span>\n\n                            \n                                <div class=\"ekit_accordion_icon_group\">\n                                    <div class=\"ekit_accordion_normal_icon\">\n                                        <!-- Normal Icon -->\n\t\t\t\t\t\t\t\t\t\t<i class=\"icon icon-down-arrow1\"><\/i>                                    <\/div>\n\n                                    <div class=\"ekit_accordion_active_icon\">\n                                        <!-- Active Icon -->\n\t\t\t\t\t\t\t\t\t\t<i class=\"icon icon-up-arrow1\"><\/i>                                    <\/div>\n                                <\/div>\n\n                            \n                                                    <\/a>\n                    <\/div>\n\n                    <div id=\"Collapse-b1f355f69e4c0117ebc0\" class=\" collapse\" aria-labelledby=\"primaryHeading-3-6e3e4d5f\" data-parent=\"#accordion-69e4c0117ebc0\">\n\n                        <div class=\"elementskit-card-body ekit-accordion--content\">\n                            <p>El tratamiento es totalmente natural, tiene cero efectos secundarios y es apto para todos, incluidas mujeres embarazadas y personas mayores. La cueva respeta toda diversidad y no est\u00e1 en contradicci\u00f3n con ning\u00fan contexto cultural y religioso. <\/p>\n                        <\/div>\n\n                    <\/div>\n\n                <\/div><!-- .elementskit-card END -->\n\n                \n                <div class=\"elementskit-card \">\n                    <div class=\"elementskit-card-header\" id=\"primaryHeading-4-6e3e4d5f\">\n                        <a href=\"#collapse-5848eb469e4c0117ebc0\" class=\"ekit-accordion--toggler elementskit-btn-link collapsed\" data-ekit-toggle=\"collapse\" data-target=\"#Collapse-5848eb469e4c0117ebc0\" aria-expanded=\"false\" aria-controls=\"Collapse-5848eb469e4c0117ebc0\">\n                            \n                            <span class=\"ekit-accordion-title\">\u00bfEs un tratamiento sostenible?<\/span>\n\n                            \n                                <div class=\"ekit_accordion_icon_group\">\n                                    <div class=\"ekit_accordion_normal_icon\">\n                                        <!-- Normal Icon -->\n\t\t\t\t\t\t\t\t\t\t<i class=\"icon icon-down-arrow1\"><\/i>                                    <\/div>\n\n                                    <div class=\"ekit_accordion_active_icon\">\n                                        <!-- Active Icon -->\n\t\t\t\t\t\t\t\t\t\t<i class=\"icon icon-up-arrow1\"><\/i>                                    <\/div>\n                                <\/div>\n\n                            \n                                                    <\/a>\n                    <\/div>\n\n                    <div id=\"Collapse-5848eb469e4c0117ebc0\" class=\" collapse\" aria-labelledby=\"primaryHeading-4-6e3e4d5f\" data-parent=\"#accordion-69e4c0117ebc0\">\n\n                        <div class=\"elementskit-card-body ekit-accordion--content\">\n                            <p>Completamente dise\u00f1ada con un sistema de luces LED, la Cueva es sostenible tanto en el consumo energ\u00e9tico como en los recursos empleados.<\/p>\n                        <\/div>\n\n                    <\/div>\n\n                <\/div><!-- .elementskit-card END -->\n\n                                        <\/div>\n    <\/div>\t\t\t\t<\/div>\n\t\t\t\t<\/div>\n\t\t\t\t\t<\/div>\n\t\t\t\t<\/div>\n\t\t\t\t\t<\/div>\n\t\t\t\t<\/div>\n\t\t\t\t<\/div>\n\t\t","protected":false},"excerpt":{"rendered":"<p>C\u00f3mo nace Investigadores y Premios Nobel han realizado estudios de f\u00edsica cu\u00e1ntica, neurofisiolog\u00eda y fototerapia LED (non UV) para analizar los efectos beneficiosos de longitudes de onda luminosas espec\u00edficas en el cuerpo humano, integr\u00e1ndolos con frecuencias sonoras armonizantes. Este recorrido cient\u00edfico ha dado lugar a un protocolo \u00fanico, rigurosamente probado y optimizado para potenciar los [&hellip;]<\/p>\n","protected":false},"author":1,"featured_media":0,"parent":0,"menu_order":0,"comment_status":"closed","ping_status":"closed","template":"elementor_header_footer","meta":{"footnotes":""},"class_list":["post-1220","page","type-page","status-publish","hentry"],"_links":{"self":[{"href":"https:\/\/cuevadelaluz.com\/es\/wp-json\/wp\/v2\/pages\/1220","targetHints":{"allow":["GET"]}}],"collection":[{"href":"https:\/\/cuevadelaluz.com\/es\/wp-json\/wp\/v2\/pages"}],"about":[{"href":"https:\/\/cuevadelaluz.com\/es\/wp-json\/wp\/v2\/types\/page"}],"author":[{"embeddable":true,"href":"https:\/\/cuevadelaluz.com\/es\/wp-json\/wp\/v2\/users\/1"}],"replies":[{"embeddable":true,"href":"https:\/\/cuevadelaluz.com\/es\/wp-json\/wp\/v2\/comments?post=1220"}],"version-history":[{"count":0,"href":"https:\/\/cuevadelaluz.com\/es\/wp-json\/wp\/v2\/pages\/1220\/revisions"}],"wp:attachment":[{"href":"https:\/\/cuevadelaluz.com\/es\/wp-json\/wp\/v2\/media?parent=1220"}],"curies":[{"name":"wp","href":"https:\/\/api.w.org\/{rel}","templated":true}]}}